{"id":574,"date":"2025-09-26T14:52:32","date_gmt":"2025-09-26T12:52:32","guid":{"rendered":"https:\/\/papounan.fr\/?page_id=574"},"modified":"2025-12-17T22:45:53","modified_gmt":"2025-12-17T21:45:53","slug":"history-of-the-castle","status":"publish","type":"page","link":"https:\/\/chateaupapounan.fr\/en\/histoire-du-chateau\/","title":{"rendered":"History of the Castle"},"content":{"rendered":"\t\t<div data-elementor-type=\"wp-page\" data-elementor-id=\"574\" class=\"elementor elementor-574\" data-elementor-post-type=\"page\">\n\t\t\t\t<div data-dce-background-image-url=\"https:\/\/chateaupapounan.fr\/wp-content\/uploads\/2025\/10\/chateau-papounan-historique-1-1536x980.jpeg\" class=\"elementor-element elementor-element-873b795 e-flex e-con-boxed e-con e-parent\" data-id=\"873b795\" data-element_type=\"container\" data-e-type=\"container\" data-settings=\"{&quot;background_background&quot;:&quot;classic&quot;,&quot;shape_divider_bottom&quot;:&quot;opacity-tilt&quot;,&quot;sticky&quot;:&quot;top&quot;,&quot;sticky_on&quot;:[&quot;desktop&quot;,&quot;tablet&quot;,&quot;mobile&quot;],&quot;sticky_offset&quot;:0,&quot;sticky_effects_offset&quot;:0,&quot;sticky_anchor_link_offset&quot;:0}\">\n\t\t\t\t\t<div class=\"e-con-inner\">\n\t\t\t\t<div class=\"elementor-shape elementor-shape-bottom\" aria-hidden=\"true\" data-negative=\"false\">\n\t\t\t<svg xmlns=\"http:\/\/www.w3.org\/2000\/svg\" viewBox=\"0 0 2600 131.1\" preserveAspectRatio=\"none\">\n\t<path class=\"elementor-shape-fill\" d=\"M0 0L2600 0 2600 69.1 0 0z\"\/>\n\t<path class=\"elementor-shape-fill\" style=\"opacity:0.5\" d=\"M0 0L2600 0 2600 69.1 0 69.1z\"\/>\n\t<path class=\"elementor-shape-fill\" style=\"opacity:0.25\" d=\"M2600 0L0 0 0 130.1 2600 69.1z\"\/>\n<\/svg>\t\t<\/div>\n\t\t\t\t\t<\/div>\n\t\t\t\t<\/div>\n\t\t<div class=\"elementor-element elementor-element-517da061 e-flex e-con-boxed e-con e-parent\" data-id=\"517da061\" data-element_type=\"container\" data-e-type=\"container\" data-settings=\"{&quot;background_background&quot;:&quot;classic&quot;}\">\n\t\t\t\t\t<div class=\"e-con-inner\">\n\t\t\t\t<div class=\"elementor-element elementor-element-72c9c389 elementor-widget__width-inherit elementor-widget elementor-widget-heading\" data-id=\"72c9c389\" data-element_type=\"widget\" data-e-type=\"widget\" data-widget_type=\"heading.default\">\n\t\t\t\t\t<h1 class=\"elementor-heading-title elementor-size-default\">Histoire du Ch\u00e2teau<\/h1>\t\t\t\t<\/div>\n\t\t\t\t<div class=\"elementor-element elementor-element-44bff358 elementor-widget__width-initial elementor-widget elementor-widget-text-editor\" data-id=\"44bff358\" data-element_type=\"widget\" data-e-type=\"widget\" data-widget_type=\"text-editor.default\">\n\t\t\t\t\t\t\t\t\t<p class=\"font_7 wixui-rich-text__text\"><span class=\"wixui-rich-text__text\">Le ch\u00e2teau tire son nom du chemin Papounan , qui traverse la parcelle de vignes \u00e9ponyme situ\u00e9e \u00e0 l\u2019arri\u00e8re de la propri\u00e9t\u00e9. Construit \u00e0 la fin du 19\u00e8me si\u00e8cle,\u00a0il a longtemps appartenu \u00e0 la famille Merigot Vennat, sous le nom de\u00a0<a class=\"wixui-rich-text__text\" href=\"https:\/\/domeyne.fr\/\" target=\"_blank\" rel=\"noreferrer noopener\">Ch\u00e2teau Domeyne<\/a>, qui existe toujours et produit un excellent vin en appellation Saint-Est\u00e9phe.<\/span><\/p><p class=\"font_8 wixui-rich-text__text\"><span class=\"wixui-rich-text__text\">Vers la fin du 20\u00e8me\u00a0si\u00e8cle, la famille Leemann, originaire de Suisse, le rach\u00e8te et lui rajoute une extension au sud et fait am\u00e9nager les combles. Depuis octobre 2022, nous sommes les propri\u00e9taires du Ch\u00e2teau Papounan et avons accueilli nos premiers clients pour la soir\u00e9e du 31 d\u00e9cembre.<\/span><\/p><p class=\"font_8 wixui-rich-text__text\"><span class=\"wixui-rich-text__text\"><span class=\"wixGuard wixui-rich-text__text\">\u200b<\/span><\/span><span class=\"wixui-rich-text__text\">Merci \u00e0 Claire Steimer, pour ses\u00a0<a class=\"wixui-rich-text__text\" href=\"https:\/\/www.patrimoine-nouvelle-aquitaine.fr\/doc\/Dossier\/dac29d8a-c7b5-4199-9f8f-0db2c69e6786\/demeure-ancien-chateau-domeyne\" target=\"_blank\" rel=\"noreferrer noopener\">recherches<\/a>\u00a0sur le patrimoine de Nouvelle-Aquitaine. La carte postale ci-dessus provient du\u00a0<a class=\"wixui-rich-text__text\" href=\"https:\/\/www.patrimoine-nouvelle-aquitaine.fr\/\" target=\"_blank\" rel=\"noreferrer noopener\">site de la region Nouvelle-Aquitaine<\/a>\u00a0<\/span><\/p>\t\t\t\t\t\t\t\t<\/div>\n\t\t\t\t\t<\/div>\n\t\t\t\t<\/div>\n\t\t<div class=\"elementor-element elementor-element-4b248af e-flex e-con-boxed e-con e-parent\" data-id=\"4b248af\" data-element_type=\"container\" data-e-type=\"container\" data-settings=\"{&quot;background_background&quot;:&quot;classic&quot;}\">\n\t\t\t\t\t<div class=\"e-con-inner\">\n\t\t<div class=\"elementor-element elementor-element-73b1b17 e-con-full e-flex e-con e-child\" data-id=\"73b1b17\" data-element_type=\"container\" data-e-type=\"container\" data-settings=\"{&quot;background_background&quot;:&quot;classic&quot;}\">\n\t\t\t\t<div class=\"elementor-element elementor-element-61f3b83 elementor-widget elementor-widget-image\" data-id=\"61f3b83\" data-element_type=\"widget\" data-e-type=\"widget\" data-widget_type=\"image.default\">\n\t\t\t\t\t\t\t\t\t\t\t\t\t\t\t<img fetchpriority=\"high\" decoding=\"async\" width=\"768\" height=\"1002\" src=\"https:\/\/chateaupapounan.fr\/wp-content\/uploads\/2025\/10\/chateau-papounan-historique-4-768x1002.jpeg\" class=\"attachment-medium_large size-medium_large wp-image-797\" alt=\"\u00c9tiquette ancienne de vin mill\u00e9sime 1928, Saint-Est\u00e8phe, M\u00e9doc, Bordeaux, avec illustration du ch\u00e2teau et jardin.\" srcset=\"https:\/\/chateaupapounan.fr\/wp-content\/uploads\/2025\/10\/chateau-papounan-historique-4-768x1002.jpeg 768w, https:\/\/chateaupapounan.fr\/wp-content\/uploads\/2025\/10\/chateau-papounan-historique-4-230x300.jpeg 230w, https:\/\/chateaupapounan.fr\/wp-content\/uploads\/2025\/10\/chateau-papounan-historique-4-785x1024.jpeg 785w, https:\/\/chateaupapounan.fr\/wp-content\/uploads\/2025\/10\/chateau-papounan-historique-4-9x12.jpeg 9w, https:\/\/chateaupapounan.fr\/wp-content\/uploads\/2025\/10\/chateau-papounan-historique-4-1178x1536.jpeg 1178w, https:\/\/chateaupapounan.fr\/wp-content\/uploads\/2025\/10\/chateau-papounan-historique-4-1570x2048.jpeg 1570w, https:\/\/chateaupapounan.fr\/wp-content\/uploads\/2025\/10\/chateau-papounan-historique-4.jpeg 1909w\" sizes=\"(max-width: 768px) 100vw, 768px\" title=\"\">\t\t\t\t\t\t\t\t\t\t\t\t\t\t\t<\/div>\n\t\t\t\t<div class=\"elementor-element elementor-element-5dc142b elementor-widget elementor-widget-heading\" data-id=\"5dc142b\" data-element_type=\"widget\" data-e-type=\"widget\" data-widget_type=\"heading.default\">\n\t\t\t\t\t<h3 class=\"elementor-heading-title elementor-size-default\">Etiquette de 1928<\/h3>\t\t\t\t<\/div>\n\t\t\t\t<div class=\"elementor-element elementor-element-ccf5b35 elementor-widget elementor-widget-text-editor\" data-id=\"ccf5b35\" data-element_type=\"widget\" data-e-type=\"widget\" data-widget_type=\"text-editor.default\">\n\t\t\t\t\t\t\t\t\t<p><span style=\"text-align: center; white-space-collapse: preserve;\">Sur cette \u00e9tiquette de l&rsquo;entre-deux-guerre, le toit d&rsquo;ardoises n&rsquo;existe pas encore et le jardin est trac\u00e9 au cordeau<\/span><\/p>\t\t\t\t\t\t\t\t<\/div>\n\t\t\t\t<\/div>\n\t\t<div class=\"elementor-element elementor-element-c0d2bf0 e-con-full e-flex e-con e-child\" data-id=\"c0d2bf0\" data-element_type=\"container\" data-e-type=\"container\" data-settings=\"{&quot;background_background&quot;:&quot;classic&quot;}\">\n\t\t\t\t<div class=\"elementor-element elementor-element-97600b6 elementor-widget elementor-widget-image\" data-id=\"97600b6\" data-element_type=\"widget\" data-e-type=\"widget\" data-widget_type=\"image.default\">\n\t\t\t\t\t\t\t\t\t\t\t\t\t\t\t<img decoding=\"async\" width=\"768\" height=\"1003\" src=\"https:\/\/chateaupapounan.fr\/wp-content\/uploads\/2025\/10\/chateau-papounan-historique-5-768x1003.jpeg\" class=\"attachment-medium_large size-medium_large wp-image-798\" alt=\"\u00c9tiquette de vin mill\u00e9sime 1967 du Ch\u00e2teau Domeyne, Grand Vin de Saint-Est\u00e8phe, appellation contr\u00f4l\u00e9e du M\u00e9doc, Bordeaux.\" srcset=\"https:\/\/chateaupapounan.fr\/wp-content\/uploads\/2025\/10\/chateau-papounan-historique-5-768x1003.jpeg 768w, https:\/\/chateaupapounan.fr\/wp-content\/uploads\/2025\/10\/chateau-papounan-historique-5-230x300.jpeg 230w, https:\/\/chateaupapounan.fr\/wp-content\/uploads\/2025\/10\/chateau-papounan-historique-5-784x1024.jpeg 784w, https:\/\/chateaupapounan.fr\/wp-content\/uploads\/2025\/10\/chateau-papounan-historique-5-9x12.jpeg 9w, https:\/\/chateaupapounan.fr\/wp-content\/uploads\/2025\/10\/chateau-papounan-historique-5-1176x1536.jpeg 1176w, https:\/\/chateaupapounan.fr\/wp-content\/uploads\/2025\/10\/chateau-papounan-historique-5-1568x2048.jpeg 1568w, https:\/\/chateaupapounan.fr\/wp-content\/uploads\/2025\/10\/chateau-papounan-historique-5.jpeg 1903w\" sizes=\"(max-width: 768px) 100vw, 768px\" title=\"\">\t\t\t\t\t\t\t\t\t\t\t\t\t\t\t<\/div>\n\t\t\t\t<div class=\"elementor-element elementor-element-8b9ce3b elementor-widget elementor-widget-heading\" data-id=\"8b9ce3b\" data-element_type=\"widget\" data-e-type=\"widget\" data-widget_type=\"heading.default\">\n\t\t\t\t\t<h3 class=\"elementor-heading-title elementor-size-default\">Etiquette de 1967<\/h3>\t\t\t\t<\/div>\n\t\t\t\t<div class=\"elementor-element elementor-element-34562e5 elementor-widget elementor-widget-text-editor\" data-id=\"34562e5\" data-element_type=\"widget\" data-e-type=\"widget\" data-widget_type=\"text-editor.default\">\n\t\t\t\t\t\t\t\t\t<p><span class=\"wixui-rich-text__text\"><a class=\"wixui-rich-text__text\" href=\"https:\/\/www.patrimoine-nouvelle-aquitaine.fr\/doc\/Dossier\/dac29d8a-c7b5-4199-9f8f-0db2c69e6786\/demeure-ancien-chateau-domeyne\" target=\"_blank\" rel=\"noreferrer noopener\">Selon Claire Steimer<\/a><\/span><span class=\"wixui-rich-text__text\">\u00a0\u00ab\u00a0d<\/span><span class=\"wixui-rich-text__text\">ans l&rsquo;\u00e9dition de 1969 de l&rsquo;ouvrage de Cocks et F\u00e9ret, il s&rsquo;agit du Ch\u00e2teau Domeyne, appartenant \u00e0 Andr\u00e9 M\u00e9rigot-Vennat et produisant 10 tonneaux\u00a0\u00bb<\/span><\/p>\t\t\t\t\t\t\t\t<\/div>\n\t\t\t\t<\/div>\n\t\t<div class=\"elementor-element elementor-element-cabad3b e-con-full e-flex e-con e-child\" data-id=\"cabad3b\" data-element_type=\"container\" data-e-type=\"container\" data-settings=\"{&quot;background_background&quot;:&quot;classic&quot;}\">\n\t\t\t\t<div class=\"elementor-element elementor-element-761a1de elementor-widget elementor-widget-image\" data-id=\"761a1de\" data-element_type=\"widget\" data-e-type=\"widget\" data-widget_type=\"image.default\">\n\t\t\t\t\t\t\t\t\t\t\t\t\t\t\t<img decoding=\"async\" width=\"768\" height=\"1021\" src=\"https:\/\/chateaupapounan.fr\/wp-content\/uploads\/2025\/10\/chateau-papounan-historique-2-768x1021.jpeg\" class=\"attachment-medium_large size-medium_large wp-image-795\" alt=\"Document historique : facture manuscrite dat\u00e9e du 30 avril 1937, \u00e9mise par A. M\u00e9rigot-Vennat, n\u00e9gociant en vins fins \u00e0 Saint-Est\u00e8phe, M\u00e9doc, avec illustration du ch\u00e2teau et mentions des Grands Prix internationaux.\" srcset=\"https:\/\/chateaupapounan.fr\/wp-content\/uploads\/2025\/10\/chateau-papounan-historique-2-768x1021.jpeg 768w, https:\/\/chateaupapounan.fr\/wp-content\/uploads\/2025\/10\/chateau-papounan-historique-2-226x300.jpeg 226w, https:\/\/chateaupapounan.fr\/wp-content\/uploads\/2025\/10\/chateau-papounan-historique-2-770x1024.jpeg 770w, https:\/\/chateaupapounan.fr\/wp-content\/uploads\/2025\/10\/chateau-papounan-historique-2-9x12.jpeg 9w, https:\/\/chateaupapounan.fr\/wp-content\/uploads\/2025\/10\/chateau-papounan-historique-2-1156x1536.jpeg 1156w, https:\/\/chateaupapounan.fr\/wp-content\/uploads\/2025\/10\/chateau-papounan-historique-2-1541x2048.jpeg 1541w, https:\/\/chateaupapounan.fr\/wp-content\/uploads\/2025\/10\/chateau-papounan-historique-2.jpeg 1926w\" sizes=\"(max-width: 768px) 100vw, 768px\" title=\"\">\t\t\t\t\t\t\t\t\t\t\t\t\t\t\t<\/div>\n\t\t\t\t<div class=\"elementor-element elementor-element-643c21b elementor-widget elementor-widget-heading\" data-id=\"643c21b\" data-element_type=\"widget\" data-e-type=\"widget\" data-widget_type=\"heading.default\">\n\t\t\t\t\t<h3 class=\"elementor-heading-title elementor-size-default\">Facture de 1937<\/h3>\t\t\t\t<\/div>\n\t\t\t\t<div class=\"elementor-element elementor-element-f795cbc elementor-widget elementor-widget-text-editor\" data-id=\"f795cbc\" data-element_type=\"widget\" data-e-type=\"widget\" data-widget_type=\"text-editor.default\">\n\t\t\t\t\t\t\t\t\t<p>Facture originale pour une premi\u00e8re commande de 18 bouteilles<\/p>\t\t\t\t\t\t\t\t<\/div>\n\t\t\t\t<\/div>\n\t\t\t\t\t<\/div>\n\t\t\t\t<\/div>\n\t\t\t\t<\/div>\n\t\t","protected":false},"excerpt":{"rendered":"<p>Le ch\u00e2teau tire son nom du chemin Papounan , qui traverse la parcelle de vignes \u00e9ponyme situ\u00e9e \u00e0 l\u2019arri\u00e8re de la propri\u00e9t\u00e9. Construit \u00e0 la fin du 19\u00e8me si\u00e8cle,\u00a0il a longtemps appartenu \u00e0 la famille Merigot Vennat, sous le nom de\u00a0Ch\u00e2teau Domeyne, qui existe toujours et produit un excellent vin en appellation Saint-Est\u00e9phe. Vers la [&hellip;]<\/p>\n","protected":false},"author":1,"featured_media":0,"parent":0,"menu_order":0,"comment_status":"closed","ping_status":"closed","template":"","meta":{"_acf_changed":false,"footnotes":""},"class_list":["post-574","page","type-page","status-publish","hentry"],"acf":[],"_links":{"self":[{"href":"https:\/\/chateaupapounan.fr\/en\/wp-json\/wp\/v2\/pages\/574","targetHints":{"allow":["GET"]}}],"collection":[{"href":"https:\/\/chateaupapounan.fr\/en\/wp-json\/wp\/v2\/pages"}],"about":[{"href":"https:\/\/chateaupapounan.fr\/en\/wp-json\/wp\/v2\/types\/page"}],"author":[{"embeddable":true,"href":"https:\/\/chateaupapounan.fr\/en\/wp-json\/wp\/v2\/users\/1"}],"replies":[{"embeddable":true,"href":"https:\/\/chateaupapounan.fr\/en\/wp-json\/wp\/v2\/comments?post=574"}],"version-history":[{"count":0,"href":"https:\/\/chateaupapounan.fr\/en\/wp-json\/wp\/v2\/pages\/574\/revisions"}],"wp:attachment":[{"href":"https:\/\/chateaupapounan.fr\/en\/wp-json\/wp\/v2\/media?parent=574"}],"curies":[{"name":"wp","href":"https:\/\/api.w.org\/{rel}","templated":true}]}}