{"id":3362,"date":"2026-01-05T13:39:08","date_gmt":"2026-01-05T12:39:08","guid":{"rendered":"https:\/\/chateaupapounan.fr\/?page_id=3362"},"modified":"2026-01-29T21:27:16","modified_gmt":"2026-01-29T20:27:16","slug":"testimonios","status":"publish","type":"page","link":"https:\/\/chateaupapounan.fr\/es\/temoignages\/","title":{"rendered":"Testimonios"},"content":{"rendered":"<div data-elementor-type=\"wp-page\" data-elementor-id=\"3362\" class=\"elementor elementor-3362\" data-elementor-post-type=\"page\">\n\t\t\t\t<div class=\"elementor-element elementor-element-0934e93 e-flex e-con-boxed e-con e-parent\" data-id=\"0934e93\" data-element_type=\"container\" data-e-type=\"container\">\n\t\t\t\t\t<div class=\"e-con-inner\">\n\t\t\t\t<div data-dce-title-color=\"#3A5267\" class=\"elementor-element elementor-element-4eeaa34 elementor-widget elementor-widget-heading\" data-id=\"4eeaa34\" data-element_type=\"widget\" data-e-type=\"widget\" data-widget_type=\"heading.default\">\n\t\t\t\t\t<h1 class=\"elementor-heading-title elementor-size-default\">Testimonios<\/h1>\t\t\t\t<\/div>\n\t\t\t\t\t<\/div>\n\t\t\t\t<\/div>\n\t\t<div class=\"elementor-element elementor-element-5c123f0 e-flex e-con-boxed e-con e-parent\" data-id=\"5c123f0\" data-element_type=\"container\" data-e-type=\"container\">\n\t\t\t\t\t<div class=\"e-con-inner\">\n\t\t\t\t<div class=\"elementor-element elementor-element-83a3891 elementor-widget elementor-widget-text-editor\" data-id=\"83a3891\" data-element_type=\"widget\" data-e-type=\"widget\" data-widget_type=\"text-editor.default\">\n\t\t\t\t\t\t\t\t\t<p><strong>Cada opini\u00f3n nos importa<\/strong>. Leemos atentamente sus comentarios y testimonios y los tomamos muy en serio porque nos ayudan a mejorar.<\/p>\n<p>Sus testimonios son mucho m\u00e1s que simples comentarios: reflejan momentos vividos, sonrisas compartidas y recuerdos creados en nuestra casa de hu\u00e9spedes. Leerlos nos recuerda por qu\u00e9 la amamos. <strong>Abrir nuestro hogar a extra\u00f1os y darles la bienvenida como amigos.<\/strong>.<\/p>\n<p>Tambi\u00e9n relatan el descubrimiento del M\u00e9doc:<strong>los prestigiosos vi\u00f1edos de Saint-Est\u00e8phe<\/strong>, Castillos emblem\u00e1ticos y playas v\u00edrgenes del Atl\u00e1ntico. Nos complace saber que su estancia le brind\u00f3 la oportunidad de explorar <strong>Los grandes crecimientos clasificados, la gastronom\u00eda local y los paisajes \u00fanicos de la regi\u00f3n de Burdeos<\/strong>.<\/p>\t\t\t\t\t\t\t\t<\/div>\n\t\t\t\t\t<\/div>\n\t\t\t\t<\/div>\n\t\t<div class=\"elementor-element elementor-element-f69c724 e-flex e-con-boxed e-con e-parent\" data-id=\"f69c724\" data-element_type=\"container\" data-e-type=\"container\">\n\t\t\t\t\t<div class=\"e-con-inner\">\n\t\t\t\t\t<\/div>\n\t\t\t\t<\/div>\n\t\t<div class=\"elementor-element elementor-element-1578fb9 e-flex e-con-boxed e-con e-parent\" data-id=\"1578fb9\" data-element_type=\"container\" data-e-type=\"container\">\n\t\t\t\t\t<div class=\"e-con-inner\">\n\t\t\t\t\t<\/div>\n\t\t\t\t<\/div>\n\t\t\t\t<\/div>","protected":false},"excerpt":{"rendered":"<p>T\u00e9moignages Chaque avis compte pour nous. Nous lisons attentivement vos retours et t\u00e9moignages, et les prenons tr\u00e8s au s\u00e9rieux, car ils nous aident \u00e0 nous am\u00e9liorer. Vos t\u00e9moignages sont bien plus que de simples commentaires : ils refl\u00e8tent des moments v\u00e9cus, des sourires \u00e9chang\u00e9s et des souvenirs cr\u00e9\u00e9s dans notre maison d\u2019h\u00f4tes. Les lire nous [&hellip;]<\/p>\n","protected":false},"author":1,"featured_media":3622,"parent":0,"menu_order":0,"comment_status":"closed","ping_status":"closed","template":"","meta":{"_acf_changed":false,"footnotes":""},"class_list":["post-3362","page","type-page","status-publish","has-post-thumbnail","hentry"],"acf":[],"_links":{"self":[{"href":"https:\/\/chateaupapounan.fr\/es\/wp-json\/wp\/v2\/pages\/3362","targetHints":{"allow":["GET"]}}],"collection":[{"href":"https:\/\/chateaupapounan.fr\/es\/wp-json\/wp\/v2\/pages"}],"about":[{"href":"https:\/\/chateaupapounan.fr\/es\/wp-json\/wp\/v2\/types\/page"}],"author":[{"embeddable":true,"href":"https:\/\/chateaupapounan.fr\/es\/wp-json\/wp\/v2\/users\/1"}],"replies":[{"embeddable":true,"href":"https:\/\/chateaupapounan.fr\/es\/wp-json\/wp\/v2\/comments?post=3362"}],"version-history":[{"count":3,"href":"https:\/\/chateaupapounan.fr\/es\/wp-json\/wp\/v2\/pages\/3362\/revisions"}],"predecessor-version":[{"id":3757,"href":"https:\/\/chateaupapounan.fr\/es\/wp-json\/wp\/v2\/pages\/3362\/revisions\/3757"}],"wp:featuredmedia":[{"embeddable":true,"href":"https:\/\/chateaupapounan.fr\/es\/wp-json\/wp\/v2\/media\/3622"}],"wp:attachment":[{"href":"https:\/\/chateaupapounan.fr\/es\/wp-json\/wp\/v2\/media?parent=3362"}],"curies":[{"name":"wp","href":"https:\/\/api.w.org\/{rel}","templated":true}]}}