{"id":516,"date":"2025-09-25T22:15:59","date_gmt":"2025-09-25T20:15:59","guid":{"rendered":"https:\/\/diskstation.leisys.com:8443\/?page_id=516"},"modified":"2026-01-13T21:59:32","modified_gmt":"2026-01-13T20:59:32","slug":"nuestra-historia","status":"publish","type":"page","link":"https:\/\/chateaupapounan.fr\/es\/notre-histoire\/","title":{"rendered":"Nuestra historia"},"content":{"rendered":"<div data-elementor-type=\"wp-page\" data-elementor-id=\"516\" class=\"elementor elementor-516\" data-elementor-post-type=\"page\">\n\t\t\t\t<div class=\"elementor-element elementor-element-35db086 e-flex e-con-boxed e-con e-parent\" data-id=\"35db086\" data-element_type=\"container\" data-e-type=\"container\">\n\t\t\t\t\t<div class=\"e-con-inner\">\n\t\t<div class=\"elementor-element elementor-element-bd7c8f1 e-con-full e-flex e-con e-child\" data-id=\"bd7c8f1\" data-element_type=\"container\" data-e-type=\"container\">\n\t\t\t\t<div class=\"elementor-element elementor-element-c2b6689 elementor-widget__width-inherit elementor-widget elementor-widget-heading\" data-id=\"c2b6689\" data-element_type=\"widget\" data-e-type=\"widget\" data-widget_type=\"heading.default\">\n\t\t\t\t\t<h1 class=\"elementor-heading-title elementor-size-default\">Nuestra historia<\/h1>\t\t\t\t<\/div>\n\t\t\t\t<div class=\"elementor-element elementor-element-8081b1f elementor-widget__width-initial elementor-widget elementor-widget-text-editor\" data-id=\"8081b1f\" data-element_type=\"widget\" data-e-type=\"widget\" data-widget_type=\"text-editor.default\">\n\t\t\t\t\t\t\t\t\t<p>Viv\u00edamos una vida bastante internacional antes de establecernos en el\u00a0<span class=\"wixui-rich-text__text\">M\u00e9doc a\u00a0<\/span><span class=\"wixui-rich-text__text\"><a class=\"wixui-rich-text__text\" href=\"https:\/\/www.mairie-saint-estephe.fr\/\" target=\"_blank\" rel=\"noreferrer noopener\">San Est\u00e9fano<\/a><\/span>. Pasamos 23 a\u00f1os en la costa este de Estados Unidos, donde inicialmente nos mudamos por motivos de trabajo. Tras m\u00e1s de dos d\u00e9cadas en Estados Unidos, vivimos cerca de Z\u00farich, en Suiza, durante tres a\u00f1os, y luego pasamos seis a\u00f1os en Espa\u00f1a, cerca de Madrid. Cuando lleg\u00f3 el momento de regresar a Francia en 2021, elegimos...\u00a0<span class=\"wixui-rich-text__text\">Regi\u00f3n de Burdeos<\/span>\u00a0Porque ofrece buenas conexiones con Par\u00eds y Londres, donde Jacques todav\u00eda tiene que ir de vez en cuando por trabajo. Nos encanta estar tan cerca de...\u00a0<span class=\"wixui-rich-text__text\"><a class=\"wixui-rich-text__text\" href=\"https:\/\/www.medoc-atlantique.com\/patrimoine\/les-spots-incontournables\/\" target=\"_blank\" rel=\"noreferrer noopener\">Playas del Atl\u00e1ntico<\/a><\/span>. Aunque ninguno de nosotros es originario de esta regi\u00f3n, r\u00e1pidamente nos enamoramos del M\u00e9doc, de sus vi\u00f1edos, de sus playas y de sus diversos paisajes.<\/p>\t\t\t\t\t\t\t\t<\/div>\n\t\t\t\t<\/div>\n\t\t<div class=\"elementor-element elementor-element-42f6580 e-con-full e-transform e-flex e-con e-child\" data-id=\"42f6580\" data-element_type=\"container\" data-e-type=\"container\" data-settings=\"{&quot;_transform_rotateZ_effect&quot;:{&quot;unit&quot;:&quot;px&quot;,&quot;size&quot;:2,&quot;sizes&quot;:[]},&quot;_transform_rotateZ_effect_tablet&quot;:{&quot;unit&quot;:&quot;deg&quot;,&quot;size&quot;:&quot;&quot;,&quot;sizes&quot;:[]},&quot;_transform_rotateZ_effect_mobile&quot;:{&quot;unit&quot;:&quot;deg&quot;,&quot;size&quot;:&quot;&quot;,&quot;sizes&quot;:[]}}\">\n\t\t\t\t<div class=\"elementor-element elementor-element-a5d285e elementor-widget elementor-widget-image\" data-id=\"a5d285e\" data-element_type=\"widget\" data-e-type=\"widget\" data-widget_type=\"image.default\">\n\t\t\t\t\t\t\t\t\t\t\t\t<figure class=\"wp-caption\">\n\t\t\t\t\t\t\t\t\t\t<img fetchpriority=\"high\" decoding=\"async\" width=\"768\" height=\"636\" src=\"https:\/\/chateaupapounan.fr\/wp-content\/uploads\/2025\/10\/chateau-papounan-photos-sylvaine-et-jacques-1-768x636.jpeg\" class=\"attachment-medium_large size-medium_large wp-image-806\" alt=\"Comida gastron\u00f3mica en la terraza de Andernos, frente a la cuenca de Arcachon, con mariscos y un ambiente c\u00e1lido, para los hu\u00e9spedes del Ch\u00e2teau Papounan, una encantadora casa de hu\u00e9spedes en Saint-Est\u00e8phe en el M\u00e9doc.\" srcset=\"https:\/\/chateaupapounan.fr\/wp-content\/uploads\/2025\/10\/chateau-papounan-photos-sylvaine-et-jacques-1-768x636.jpeg 768w, https:\/\/chateaupapounan.fr\/wp-content\/uploads\/2025\/10\/chateau-papounan-photos-sylvaine-et-jacques-1-300x248.jpeg 300w, https:\/\/chateaupapounan.fr\/wp-content\/uploads\/2025\/10\/chateau-papounan-photos-sylvaine-et-jacques-1-14x12.jpeg 14w, https:\/\/chateaupapounan.fr\/wp-content\/uploads\/2025\/10\/chateau-papounan-photos-sylvaine-et-jacques-1.jpeg 1024w\" sizes=\"(max-width: 768px) 100vw, 768px\" title=\"\">\t\t\t\t\t\t\t\t\t\t\t<figcaption class=\"widget-image-caption wp-caption-text\">Almuerzo en la bah\u00eda de Arcachon<\/figcaption>\n\t\t\t\t\t\t\t\t\t\t<\/figure>\n\t\t\t\t\t\t\t\t\t<\/div>\n\t\t\t\t<\/div>\n\t\t\t\t\t<\/div>\n\t\t\t\t<\/div>\n\t\t<div class=\"elementor-element elementor-element-219192a e-flex e-con-boxed e-con e-parent\" data-id=\"219192a\" data-element_type=\"container\" data-e-type=\"container\" data-settings=\"{&quot;background_background&quot;:&quot;classic&quot;}\">\n\t\t\t\t\t<div class=\"e-con-inner\">\n\t\t<div class=\"elementor-element elementor-element-f1d6bd3 e-con-full e-flex e-con e-child\" data-id=\"f1d6bd3\" data-element_type=\"container\" data-e-type=\"container\">\n\t\t\t\t<div class=\"elementor-element elementor-element-3b8afbd elementor-widget__width-inherit elementor-widget elementor-widget-heading\" data-id=\"3b8afbd\" data-element_type=\"widget\" data-e-type=\"widget\" data-widget_type=\"heading.default\">\n\t\t\t\t\t<h1 class=\"elementor-heading-title elementor-size-default\">Les Vignes<\/h1>\t\t\t\t<\/div>\n\t\t\t\t<div class=\"elementor-element elementor-element-29944fc elementor-widget__width-initial elementor-widget elementor-widget-text-editor\" data-id=\"29944fc\" data-element_type=\"widget\" data-e-type=\"widget\" data-widget_type=\"text-editor.default\">\n\t\t\t\t\t\t\t\t\t<p>Durante nuestra b\u00fasqueda de una casa en la regi\u00f3n de Burdeos, nos enamoramos instant\u00e1neamente de la\u00a0<span class=\"wixui-rich-text__text\"><a class=\"wixui-rich-text__text\" href=\"\/es\/historia-del-castillo\/\" target=\"_self\">Ch\u00e2teau Papounan<\/a><\/span>. Un factor decisivo importante fue la\u00a0<span class=\"wixui-rich-text__text\">vi\u00f1edo<\/span> De las 20 hect\u00e1reas que ven\u00edan con la propiedad, no pudimos resistir la oportunidad de probar suerte en el cultivo de la vid y participar en la tradici\u00f3n vitivin\u00edcola del M\u00e9doc.<\/p><p>Hemos decidido continuar con la actividad de\u00a0<span class=\"wixui-rich-text__text\"><a class=\"wixui-rich-text__text\" href=\"\/es\/habitacion-domeyne\/\" target=\"_self\">Bed and Breakfasts<\/a><\/span>\u00a0que los anteriores propietarios hab\u00edan desarrollado. Fue una oportunidad maravillosa para compartir nuestro nuevo hogar con viajeros de todo el mundo. Firmamos el contrato de arrendamiento en octubre de 2022 y recibimos a nuestros primeros hu\u00e9spedes tan solo tres meses despu\u00e9s para Nochevieja.\u00a0<\/p><p>Desde entonces, hemos ido aprendiendo el ritmo de la hosteler\u00eda y la viticultura, desde la poda invernal hasta la <a href=\"https:\/\/chateaupapounan.fr\/es\/cosecha-2025-en-chateau-papounan\/\">vendimia<\/a> en septiembre, cuando nuestras uvas se unen a las de la cooperativa local para producir el &quot;\u00ab\u00a0<span class=\"wixui-rich-text__text\"><a class=\"wixui-rich-text__text\" href=\"https:\/\/www.marquis-saint-estephe.fr\/\" target=\"_blank\" rel=\"noreferrer noopener\">Marqu\u00e9s de Saint-Est\u00e8phe<\/a><\/span>.\u00a0\u00bb<\/p>\t\t\t\t\t\t\t\t<\/div>\n\t\t\t\t<\/div>\n\t\t<div class=\"elementor-element elementor-element-ecd561f e-con-full e-flex e-con e-child\" data-id=\"ecd561f\" data-element_type=\"container\" data-e-type=\"container\">\n\t\t\t\t<div class=\"elementor-element elementor-element-cf56381 elementor-widget elementor-widget-image\" data-id=\"cf56381\" data-element_type=\"widget\" data-e-type=\"widget\" data-widget_type=\"image.default\">\n\t\t\t\t\t\t\t\t\t\t\t\t\t\t\t<img decoding=\"async\" width=\"768\" height=\"576\" src=\"https:\/\/chateaupapounan.fr\/wp-content\/uploads\/2025\/10\/chateau-papounan-exterieur-vigne-4-1-768x576.jpeg\" class=\"attachment-medium_large size-medium_large wp-image-879\" alt=\"Racimo de uvas negras maduras en los vi\u00f1edos del Ch\u00e2teau Papounan en Saint-Est\u00e8phe, suelos de grava del M\u00e9doc, Burdeos.\" srcset=\"https:\/\/chateaupapounan.fr\/wp-content\/uploads\/2025\/10\/chateau-papounan-exterieur-vigne-4-1-768x576.jpeg 768w, https:\/\/chateaupapounan.fr\/wp-content\/uploads\/2025\/10\/chateau-papounan-exterieur-vigne-4-1-300x225.jpeg 300w, https:\/\/chateaupapounan.fr\/wp-content\/uploads\/2025\/10\/chateau-papounan-exterieur-vigne-4-1-16x12.jpeg 16w, https:\/\/chateaupapounan.fr\/wp-content\/uploads\/2025\/10\/chateau-papounan-exterieur-vigne-4-1.jpeg 1024w\" sizes=\"(max-width: 768px) 100vw, 768px\" title=\"\">\t\t\t\t\t\t\t\t\t\t\t\t\t\t\t<\/div>\n\t\t\t\t<\/div>\n\t\t\t\t\t<\/div>\n\t\t\t\t<\/div>\n\t\t<div class=\"elementor-element elementor-element-b353115 e-flex e-con-boxed e-con e-parent\" data-id=\"b353115\" data-element_type=\"container\" data-e-type=\"container\">\n\t\t\t\t\t<div class=\"e-con-inner\">\n\t\t<div class=\"elementor-element elementor-element-d983cb5 e-con-full e-flex e-con e-child\" data-id=\"d983cb5\" data-element_type=\"container\" data-e-type=\"container\">\n\t\t\t\t<div class=\"elementor-element elementor-element-31f83cb elementor-widget__width-inherit elementor-widget elementor-widget-heading\" data-id=\"31f83cb\" data-element_type=\"widget\" data-e-type=\"widget\" data-widget_type=\"heading.default\">\n\t\t\t\t\t<h1 class=\"elementor-heading-title elementor-size-default\">Akyra y Amarok<\/h1>\t\t\t\t<\/div>\n\t\t\t\t<div class=\"elementor-element elementor-element-8bee8ec elementor-widget__width-initial elementor-widget elementor-widget-text-editor\" data-id=\"8bee8ec\" data-element_type=\"widget\" data-e-type=\"widget\" data-widget_type=\"text-editor.default\">\n\t\t\t\t\t\t\t\t\t<p class=\"font_7 wixui-rich-text__text\"><span class=\"wixui-rich-text__text\">Compartimos nuestra casa con dos adorables perros con personalidades muy distintas. Akyra es nuestra...\u00a0<a class=\"wixui-rich-text__text\" href=\"https:\/\/fr.wikipedia.org\/wiki\/Chien_de_montagne_des_Pyr%C3%A9n%C3%A9es\" target=\"_blank\" rel=\"noreferrer noopener\">Patou<\/a>\u00a0Tiene 7 a\u00f1os (Perro de Monta\u00f1a de los Pirineos) y es una aut\u00e9ntica alegr\u00eda: dulce, amable y maravillosamente mimosa.\u00a0<\/span><\/p><p class=\"font_7 wixui-rich-text__text\"><span class=\"wixui-rich-text__text\">Su \u00fanico &quot;defecto&quot;, si es que se le puede llamar as\u00ed, es su instinto de ladrar para que la gente sepa que debe seguir adelante; est\u00e1 simplemente en sus genes como una raza que tradicionalmente protege a las ovejas de los lobos en las monta\u00f1as.\u00a0<\/span><\/p>\t\t\t\t\t\t\t\t<\/div>\n\t\t\t\t<div class=\"elementor-element elementor-element-71344a6 elementor-widget elementor-widget-image\" data-id=\"71344a6\" data-element_type=\"widget\" data-e-type=\"widget\" data-widget_type=\"image.default\">\n\t\t\t\t\t\t\t\t\t\t\t\t\t\t\t<img decoding=\"async\" width=\"768\" height=\"1024\" src=\"https:\/\/chateaupapounan.fr\/wp-content\/uploads\/2025\/10\/chateau-papounan-photos-akyra-berger-des-pyrenees-patou-1-768x1024.jpeg\" class=\"attachment-medium_large size-medium_large wp-image-804\" alt=\"Akyra, perro de monta\u00f1a de los Pirineos, fiel compa\u00f1ero del Ch\u00e2teau Papounan, una encantadora casa de hu\u00e9spedes situada en el coraz\u00f3n de los vi\u00f1edos de Saint-Est\u00e8phe, en el M\u00e9doc.\" srcset=\"https:\/\/chateaupapounan.fr\/wp-content\/uploads\/2025\/10\/chateau-papounan-photos-akyra-berger-des-pyrenees-patou-1-768x1024.jpeg 768w, https:\/\/chateaupapounan.fr\/wp-content\/uploads\/2025\/10\/chateau-papounan-photos-akyra-berger-des-pyrenees-patou-1-225x300.jpeg 225w, https:\/\/chateaupapounan.fr\/wp-content\/uploads\/2025\/10\/chateau-papounan-photos-akyra-berger-des-pyrenees-patou-1-9x12.jpeg 9w, https:\/\/chateaupapounan.fr\/wp-content\/uploads\/2025\/10\/chateau-papounan-photos-akyra-berger-des-pyrenees-patou-1-1152x1536.jpeg 1152w, https:\/\/chateaupapounan.fr\/wp-content\/uploads\/2025\/10\/chateau-papounan-photos-akyra-berger-des-pyrenees-patou-1-1536x2048.jpeg 1536w, https:\/\/chateaupapounan.fr\/wp-content\/uploads\/2025\/10\/chateau-papounan-photos-akyra-berger-des-pyrenees-patou-1.jpeg 1920w\" sizes=\"(max-width: 768px) 100vw, 768px\" title=\"\">\t\t\t\t\t\t\t\t\t\t\t\t\t\t\t<\/div>\n\t\t\t\t<\/div>\n\t\t<div class=\"elementor-element elementor-element-9becf64 e-con-full e-flex e-con e-child\" data-id=\"9becf64\" data-element_type=\"container\" data-e-type=\"container\">\n\t\t\t\t<div class=\"elementor-element elementor-element-1d76957 elementor-widget elementor-widget-menu-anchor\" data-id=\"1d76957\" data-element_type=\"widget\" data-e-type=\"widget\" data-widget_type=\"menu-anchor.default\">\n\t\t\t\t\t\t\t<div class=\"elementor-menu-anchor\" id=\"Amarok\"><\/div>\n\t\t\t\t\t\t<\/div>\n\t\t\t\t<div class=\"elementor-element elementor-element-40e612a elementor-widget elementor-widget-image\" data-id=\"40e612a\" data-element_type=\"widget\" data-e-type=\"widget\" data-widget_type=\"image.default\">\n\t\t\t\t\t\t\t\t\t\t\t\t\t\t\t<img loading=\"lazy\" decoding=\"async\" width=\"768\" height=\"1024\" src=\"https:\/\/chateaupapounan.fr\/wp-content\/uploads\/2025\/10\/chateau-papounan-photos-amarok-malamute-d-alaska1-768x1024.jpeg\" class=\"attachment-medium_large size-medium_large wp-image-805\" alt=\"Amarok, un perro malamute de Alaska, es el compa\u00f1ero de los hu\u00e9spedes del Ch\u00e2teau Papounan, un encantador bed and breakfast situado en Saint-Est\u00e8phe, en la regi\u00f3n de M\u00e9doc.\" srcset=\"https:\/\/chateaupapounan.fr\/wp-content\/uploads\/2025\/10\/chateau-papounan-photos-amarok-malamute-d-alaska1-768x1024.jpeg 768w, https:\/\/chateaupapounan.fr\/wp-content\/uploads\/2025\/10\/chateau-papounan-photos-amarok-malamute-d-alaska1-225x300.jpeg 225w, https:\/\/chateaupapounan.fr\/wp-content\/uploads\/2025\/10\/chateau-papounan-photos-amarok-malamute-d-alaska1-9x12.jpeg 9w, https:\/\/chateaupapounan.fr\/wp-content\/uploads\/2025\/10\/chateau-papounan-photos-amarok-malamute-d-alaska1-1152x1536.jpeg 1152w, https:\/\/chateaupapounan.fr\/wp-content\/uploads\/2025\/10\/chateau-papounan-photos-amarok-malamute-d-alaska1-1536x2048.jpeg 1536w, https:\/\/chateaupapounan.fr\/wp-content\/uploads\/2025\/10\/chateau-papounan-photos-amarok-malamute-d-alaska1.jpeg 1920w\" sizes=\"(max-width: 768px) 100vw, 768px\" title=\"\">\t\t\t\t\t\t\t\t\t\t\t\t\t\t\t<\/div>\n\t\t\t\t<div class=\"elementor-element elementor-element-6823045 elementor-widget__width-initial elementor-widget elementor-widget-text-editor\" data-id=\"6823045\" data-element_type=\"widget\" data-e-type=\"widget\" data-widget_type=\"text-editor.default\">\n\t\t\t\t\t\t\t\t\t<p class=\"font_7 wixui-rich-text__text\"><span class=\"wixui-rich-text__text\">Nuestro \u00faltimo compa\u00f1ero es un\u00a0<a class=\"wixui-rich-text__text\" href=\"https:\/\/fr.wikipedia.org\/wiki\/Malamute_de_l%27Alaska\" target=\"_blank\" rel=\"noreferrer noopener\">Malamute de Alaska<\/a> Se llama Amarok. Tiene 3 a\u00f1os y es un perro sociable que adora a las personas y a otros perros, \u00a1a veces incluso demasiado entusiasta! No dudar\u00e1 en darte lametones para demostrarte lo feliz que est\u00e1 de conocerte.<\/span><\/p><p class=\"font_7 wixui-rich-text__text\"><span class=\"wixui-rich-text__text\">Aunque viven en nuestra parte de la casa, nuestros dos perros siempre est\u00e1n encantados de recibir a los visitantes que desean conocerlos. Les encantan sus paseos diarios por los vi\u00f1edos y, en invierno, cuando los turistas abandonan la regi\u00f3n, sus carreras fren\u00e9ticas.\u00a0<a class=\"wixui-rich-text__text\" href=\"https:\/\/www.medoc-atlantique.com\/sit\/plage-surveillee-du-pin-sec-7124616\/\" target=\"_blank\" rel=\"noreferrer noopener\">en la playa<\/a>.<\/span><\/p>\t\t\t\t\t\t\t\t<\/div>\n\t\t\t\t<\/div>\n\t\t\t\t\t<\/div>\n\t\t\t\t<\/div>\n\t\t<div class=\"elementor-element elementor-element-17e772b e-flex e-con-boxed e-con e-parent\" data-id=\"17e772b\" data-element_type=\"container\" data-e-type=\"container\">\n\t\t\t\t\t<div class=\"e-con-inner\">\n\t\t\t\t\t<\/div>\n\t\t\t\t<\/div>\n\t\t\t\t<\/div>","protected":false},"excerpt":{"rendered":"<p>Notre Histoire Nous avons v\u00e9cu une vie assez internationale avant de nous installer dans le\u00a0M\u00e9doc \u00e0\u00a0Saint-Est\u00e8phe. Nous avons pass\u00e9 23 ans sur la c\u00f4te Est des \u00c9tats-Unis, o\u00f9 nous avions d\u00e9m\u00e9nag\u00e9 initialement pour le travail. Apr\u00e8s plus de deux d\u00e9cennies en Am\u00e9rique, nous avons v\u00e9cu pr\u00e8s de Zurich en Suisse pendant trois ans, puis nous [&hellip;]<\/p>\n","protected":false},"author":1,"featured_media":0,"parent":0,"menu_order":0,"comment_status":"closed","ping_status":"closed","template":"","meta":{"_acf_changed":false,"footnotes":""},"class_list":["post-516","page","type-page","status-publish","hentry"],"acf":[],"_links":{"self":[{"href":"https:\/\/chateaupapounan.fr\/es\/wp-json\/wp\/v2\/pages\/516","targetHints":{"allow":["GET"]}}],"collection":[{"href":"https:\/\/chateaupapounan.fr\/es\/wp-json\/wp\/v2\/pages"}],"about":[{"href":"https:\/\/chateaupapounan.fr\/es\/wp-json\/wp\/v2\/types\/page"}],"author":[{"embeddable":true,"href":"https:\/\/chateaupapounan.fr\/es\/wp-json\/wp\/v2\/users\/1"}],"replies":[{"embeddable":true,"href":"https:\/\/chateaupapounan.fr\/es\/wp-json\/wp\/v2\/comments?post=516"}],"version-history":[{"count":0,"href":"https:\/\/chateaupapounan.fr\/es\/wp-json\/wp\/v2\/pages\/516\/revisions"}],"wp:attachment":[{"href":"https:\/\/chateaupapounan.fr\/es\/wp-json\/wp\/v2\/media?parent=516"}],"curies":[{"name":"wp","href":"https:\/\/api.w.org\/{rel}","templated":true}]}}