{"id":3362,"date":"2026-01-05T13:39:08","date_gmt":"2026-01-05T12:39:08","guid":{"rendered":"https:\/\/chateaupapounan.fr\/?page_id=3362"},"modified":"2026-01-29T21:27:16","modified_gmt":"2026-01-29T20:27:16","slug":"testimonianze","status":"publish","type":"page","link":"https:\/\/chateaupapounan.fr\/it\/temoignages\/","title":{"rendered":"Testimonianze"},"content":{"rendered":"<div data-elementor-type=\"wp-page\" data-elementor-id=\"3362\" class=\"elementor elementor-3362\" data-elementor-post-type=\"page\">\n\t\t\t\t<div class=\"elementor-element elementor-element-0934e93 e-flex e-con-boxed e-con e-parent\" data-id=\"0934e93\" data-element_type=\"container\" data-e-type=\"container\">\n\t\t\t\t\t<div class=\"e-con-inner\">\n\t\t\t\t<div data-dce-title-color=\"#3A5267\" class=\"elementor-element elementor-element-4eeaa34 elementor-widget elementor-widget-heading\" data-id=\"4eeaa34\" data-element_type=\"widget\" data-e-type=\"widget\" data-widget_type=\"heading.default\">\n\t\t\t\t\t<h1 class=\"elementor-heading-title elementor-size-default\">Testimonianze<\/h1>\t\t\t\t<\/div>\n\t\t\t\t\t<\/div>\n\t\t\t\t<\/div>\n\t\t<div class=\"elementor-element elementor-element-5c123f0 e-flex e-con-boxed e-con e-parent\" data-id=\"5c123f0\" data-element_type=\"container\" data-e-type=\"container\">\n\t\t\t\t\t<div class=\"e-con-inner\">\n\t\t\t\t<div class=\"elementor-element elementor-element-83a3891 elementor-widget elementor-widget-text-editor\" data-id=\"83a3891\" data-element_type=\"widget\" data-e-type=\"widget\" data-widget_type=\"text-editor.default\">\n\t\t\t\t\t\t\t\t\t<p><strong>Ogni opinione \u00e8 importante per noi<\/strong>. Leggiamo attentamente i vostri feedback e le vostre testimonianze e li prendiamo molto sul serio, perch\u00e9 ci aiutano a migliorare.<\/p>\n<p>Le vostre testimonianze sono molto pi\u00f9 di semplici commenti: riflettono momenti vissuti, sorrisi condivisi e ricordi creati nella nostra guesthouse. Leggerle ci ricorda perch\u00e9 la amiamo. <strong>aprire la nostra casa agli sconosciuti e accoglierli come amici<\/strong>.<\/p>\n<p>Raccontano anche la scoperta del M\u00e9doc:<strong>i prestigiosi vigneti di Saint-Est\u00e8phe<\/strong>, castelli iconici e spiagge selvagge dell&#039;Atlantico. Siamo lieti di sapere che il vostro soggiorno vi ha offerto l&#039;opportunit\u00e0 di esplorare <strong>le grandi crescite classificate, la gastronomia locale e i paesaggi unici della regione di Bordeaux<\/strong>.<\/p>\t\t\t\t\t\t\t\t<\/div>\n\t\t\t\t\t<\/div>\n\t\t\t\t<\/div>\n\t\t<div class=\"elementor-element elementor-element-f69c724 e-flex e-con-boxed e-con e-parent\" data-id=\"f69c724\" data-element_type=\"container\" data-e-type=\"container\">\n\t\t\t\t\t<div class=\"e-con-inner\">\n\t\t\t\t\t<\/div>\n\t\t\t\t<\/div>\n\t\t<div class=\"elementor-element elementor-element-1578fb9 e-flex e-con-boxed e-con e-parent\" data-id=\"1578fb9\" data-element_type=\"container\" data-e-type=\"container\">\n\t\t\t\t\t<div class=\"e-con-inner\">\n\t\t\t\t\t<\/div>\n\t\t\t\t<\/div>\n\t\t\t\t<\/div>","protected":false},"excerpt":{"rendered":"<p>T\u00e9moignages Chaque avis compte pour nous. Nous lisons attentivement vos retours et t\u00e9moignages, et les prenons tr\u00e8s au s\u00e9rieux, car ils nous aident \u00e0 nous am\u00e9liorer. Vos t\u00e9moignages sont bien plus que de simples commentaires : ils refl\u00e8tent des moments v\u00e9cus, des sourires \u00e9chang\u00e9s et des souvenirs cr\u00e9\u00e9s dans notre maison d\u2019h\u00f4tes. Les lire nous [&hellip;]<\/p>\n","protected":false},"author":1,"featured_media":3622,"parent":0,"menu_order":0,"comment_status":"closed","ping_status":"closed","template":"","meta":{"_acf_changed":false,"footnotes":""},"class_list":["post-3362","page","type-page","status-publish","has-post-thumbnail","hentry"],"acf":[],"_links":{"self":[{"href":"https:\/\/chateaupapounan.fr\/it\/wp-json\/wp\/v2\/pages\/3362","targetHints":{"allow":["GET"]}}],"collection":[{"href":"https:\/\/chateaupapounan.fr\/it\/wp-json\/wp\/v2\/pages"}],"about":[{"href":"https:\/\/chateaupapounan.fr\/it\/wp-json\/wp\/v2\/types\/page"}],"author":[{"embeddable":true,"href":"https:\/\/chateaupapounan.fr\/it\/wp-json\/wp\/v2\/users\/1"}],"replies":[{"embeddable":true,"href":"https:\/\/chateaupapounan.fr\/it\/wp-json\/wp\/v2\/comments?post=3362"}],"version-history":[{"count":3,"href":"https:\/\/chateaupapounan.fr\/it\/wp-json\/wp\/v2\/pages\/3362\/revisions"}],"predecessor-version":[{"id":3757,"href":"https:\/\/chateaupapounan.fr\/it\/wp-json\/wp\/v2\/pages\/3362\/revisions\/3757"}],"wp:featuredmedia":[{"embeddable":true,"href":"https:\/\/chateaupapounan.fr\/it\/wp-json\/wp\/v2\/media\/3622"}],"wp:attachment":[{"href":"https:\/\/chateaupapounan.fr\/it\/wp-json\/wp\/v2\/media?parent=3362"}],"curies":[{"name":"parola chiave","href":"https:\/\/api.w.org\/{rel}","templated":true}]}}